{"id":81,"date":"2018-10-07T14:28:08","date_gmt":"2018-10-07T14:28:08","guid":{"rendered":"http:\/\/raumsequenz.de\/?page_id=81"},"modified":"2018-10-07T14:28:08","modified_gmt":"2018-10-07T14:28:08","slug":"datenschutzerklaerung","status":"publish","type":"page","link":"http:\/\/raumsequenz.de\/category\/aktuell\/datenschutzerklaerung\/","title":{"rendered":"datenschutzerkl\u00e4rung"},"content":{"rendered":"\n<p>mit dem besuch von raumsequenz.de werden personenbezogene daten erhoben und (je nach gesetzlich vorgegebenen aufbewahrungsfristen f\u00fcr eine bestimmte dauer) gespeichert. <\/p>\n\n\n\n<p>nachfolgend wird die art der erhobenen daten zusammengefasst dargestellt:<\/p>\n\n\n\n<p><strong>nutzung der seite\u00a0<\/strong><\/p>\n\n\n\n<p><strong>nutzung des kontaktformulars<\/strong><\/p>\n\n\n\n<p><br\/><\/p>\n","protected":false},"excerpt":{"rendered":"<p>mit dem besuch von raumsequenz.de werden personenbezogene daten erhoben und (je nach gesetzlich vorgegebenen aufbewahrungsfristen f\u00fcr eine bestimmte dauer) gespeichert. nachfolgend wird die art der erhobenen daten zusammengefasst dargestellt: nutzung der seite\u00a0 nutzung des kontaktformulars<\/p>\n","protected":false},"author":1,"featured_media":0,"parent":0,"menu_order":0,"comment_status":"closed","ping_status":"closed","template":"","meta":{"footnotes":""},"class_list":["post-81","page","type-page","status-publish","hentry"],"yoast_head":"<!-- This site is optimized with the Yoast SEO plugin v27.4 - https:\/\/yoast.com\/product\/yoast-seo-wordpress\/ -->\n<title>datenschutzerkl\u00e4rung - raumsequenz.de<\/title>\n<meta name=\"description\" content=\"b\u00fcro f\u00fcr architektur und stadtplanung in memmingen\" \/>\n<meta name=\"robots\" content=\"index, follow, max-snippet:-1, max-image-preview:large, max-video-preview:-1\" \/>\n<link rel=\"canonical\" href=\"http:\/\/raumsequenz.de\/category\/aktuell\/datenschutzerklaerung\/\" \/>\n<meta property=\"og:locale\" content=\"de_DE\" \/>\n<meta property=\"og:type\" content=\"article\" \/>\n<meta property=\"og:title\" content=\"datenschutzerkl\u00e4rung - raumsequenz.de\" \/>\n<meta property=\"og:description\" content=\"b\u00fcro f\u00fcr architektur und stadtplanung in memmingen\" \/>\n<meta property=\"og:url\" content=\"http:\/\/raumsequenz.de\/category\/aktuell\/datenschutzerklaerung\/\" \/>\n<meta property=\"og:site_name\" content=\"raumsequenz.de\" \/>\n<meta name=\"twitter:card\" content=\"summary_large_image\" \/>\n<script type=\"application\/ld+json\" class=\"yoast-schema-graph\">{\"@context\":\"https:\\\/\\\/schema.org\",\"@graph\":[{\"@type\":\"WebPage\",\"@id\":\"http:\\\/\\\/raumsequenz.de\\\/category\\\/aktuell\\\/datenschutzerklaerung\\\/\",\"url\":\"http:\\\/\\\/raumsequenz.de\\\/category\\\/aktuell\\\/datenschutzerklaerung\\\/\",\"name\":\"datenschutzerkl\u00e4rung - raumsequenz.de\",\"isPartOf\":{\"@id\":\"http:\\\/\\\/raumsequenz.de\\\/category\\\/aktuell\\\/#website\"},\"datePublished\":\"2018-10-07T14:28:08+00:00\",\"description\":\"b\u00fcro f\u00fcr architektur und stadtplanung in memmingen\",\"breadcrumb\":{\"@id\":\"http:\\\/\\\/raumsequenz.de\\\/category\\\/aktuell\\\/datenschutzerklaerung\\\/#breadcrumb\"},\"inLanguage\":\"de\",\"potentialAction\":[{\"@type\":\"ReadAction\",\"target\":[\"http:\\\/\\\/raumsequenz.de\\\/category\\\/aktuell\\\/datenschutzerklaerung\\\/\"]}]},{\"@type\":\"BreadcrumbList\",\"@id\":\"http:\\\/\\\/raumsequenz.de\\\/category\\\/aktuell\\\/datenschutzerklaerung\\\/#breadcrumb\",\"itemListElement\":[{\"@type\":\"ListItem\",\"position\":1,\"name\":\"Startseite\",\"item\":\"http:\\\/\\\/raumsequenz.de\\\/category\\\/aktuell\\\/\"},{\"@type\":\"ListItem\",\"position\":2,\"name\":\"datenschutzerkl\u00e4rung\"}]},{\"@type\":\"WebSite\",\"@id\":\"http:\\\/\\\/raumsequenz.de\\\/category\\\/aktuell\\\/#website\",\"url\":\"http:\\\/\\\/raumsequenz.de\\\/category\\\/aktuell\\\/\",\"name\":\"raumsequenz.de\",\"description\":\"\",\"publisher\":{\"@id\":\"http:\\\/\\\/raumsequenz.de\\\/category\\\/aktuell\\\/#organization\"},\"potentialAction\":[{\"@type\":\"SearchAction\",\"target\":{\"@type\":\"EntryPoint\",\"urlTemplate\":\"http:\\\/\\\/raumsequenz.de\\\/category\\\/aktuell\\\/?s={search_term_string}\"},\"query-input\":{\"@type\":\"PropertyValueSpecification\",\"valueRequired\":true,\"valueName\":\"search_term_string\"}}],\"inLanguage\":\"de\"},{\"@type\":\"Organization\",\"@id\":\"http:\\\/\\\/raumsequenz.de\\\/category\\\/aktuell\\\/#organization\",\"name\":\"raumsequenz\",\"url\":\"http:\\\/\\\/raumsequenz.de\\\/category\\\/aktuell\\\/\",\"logo\":{\"@type\":\"ImageObject\",\"inLanguage\":\"de\",\"@id\":\"http:\\\/\\\/raumsequenz.de\\\/category\\\/aktuell\\\/#\\\/schema\\\/logo\\\/image\\\/\",\"url\":\"http:\\\/\\\/raumsequenz.de\\\/wp-content\\\/uploads\\\/2019\\\/01\\\/logo_.jpg\",\"contentUrl\":\"http:\\\/\\\/raumsequenz.de\\\/wp-content\\\/uploads\\\/2019\\\/01\\\/logo_.jpg\",\"width\":300,\"height\":65,\"caption\":\"raumsequenz\"},\"image\":{\"@id\":\"http:\\\/\\\/raumsequenz.de\\\/category\\\/aktuell\\\/#\\\/schema\\\/logo\\\/image\\\/\"}}]}<\/script>\n<!-- \/ Yoast SEO plugin. -->","yoast_head_json":{"title":"datenschutzerkl\u00e4rung - raumsequenz.de","description":"b\u00fcro f\u00fcr architektur und stadtplanung in memmingen","robots":{"index":"index","follow":"follow","max-snippet":"max-snippet:-1","max-image-preview":"max-image-preview:large","max-video-preview":"max-video-preview:-1"},"canonical":"http:\/\/raumsequenz.de\/category\/aktuell\/datenschutzerklaerung\/","og_locale":"de_DE","og_type":"article","og_title":"datenschutzerkl\u00e4rung - raumsequenz.de","og_description":"b\u00fcro f\u00fcr architektur und stadtplanung in memmingen","og_url":"http:\/\/raumsequenz.de\/category\/aktuell\/datenschutzerklaerung\/","og_site_name":"raumsequenz.de","twitter_card":"summary_large_image","schema":{"@context":"https:\/\/schema.org","@graph":[{"@type":"WebPage","@id":"http:\/\/raumsequenz.de\/category\/aktuell\/datenschutzerklaerung\/","url":"http:\/\/raumsequenz.de\/category\/aktuell\/datenschutzerklaerung\/","name":"datenschutzerkl\u00e4rung - raumsequenz.de","isPartOf":{"@id":"http:\/\/raumsequenz.de\/category\/aktuell\/#website"},"datePublished":"2018-10-07T14:28:08+00:00","description":"b\u00fcro f\u00fcr architektur und stadtplanung in memmingen","breadcrumb":{"@id":"http:\/\/raumsequenz.de\/category\/aktuell\/datenschutzerklaerung\/#breadcrumb"},"inLanguage":"de","potentialAction":[{"@type":"ReadAction","target":["http:\/\/raumsequenz.de\/category\/aktuell\/datenschutzerklaerung\/"]}]},{"@type":"BreadcrumbList","@id":"http:\/\/raumsequenz.de\/category\/aktuell\/datenschutzerklaerung\/#breadcrumb","itemListElement":[{"@type":"ListItem","position":1,"name":"Startseite","item":"http:\/\/raumsequenz.de\/category\/aktuell\/"},{"@type":"ListItem","position":2,"name":"datenschutzerkl\u00e4rung"}]},{"@type":"WebSite","@id":"http:\/\/raumsequenz.de\/category\/aktuell\/#website","url":"http:\/\/raumsequenz.de\/category\/aktuell\/","name":"raumsequenz.de","description":"","publisher":{"@id":"http:\/\/raumsequenz.de\/category\/aktuell\/#organization"},"potentialAction":[{"@type":"SearchAction","target":{"@type":"EntryPoint","urlTemplate":"http:\/\/raumsequenz.de\/category\/aktuell\/?s={search_term_string}"},"query-input":{"@type":"PropertyValueSpecification","valueRequired":true,"valueName":"search_term_string"}}],"inLanguage":"de"},{"@type":"Organization","@id":"http:\/\/raumsequenz.de\/category\/aktuell\/#organization","name":"raumsequenz","url":"http:\/\/raumsequenz.de\/category\/aktuell\/","logo":{"@type":"ImageObject","inLanguage":"de","@id":"http:\/\/raumsequenz.de\/category\/aktuell\/#\/schema\/logo\/image\/","url":"http:\/\/raumsequenz.de\/wp-content\/uploads\/2019\/01\/logo_.jpg","contentUrl":"http:\/\/raumsequenz.de\/wp-content\/uploads\/2019\/01\/logo_.jpg","width":300,"height":65,"caption":"raumsequenz"},"image":{"@id":"http:\/\/raumsequenz.de\/category\/aktuell\/#\/schema\/logo\/image\/"}}]}},"_links":{"self":[{"href":"http:\/\/raumsequenz.de\/category\/aktuell\/wp-json\/wp\/v2\/pages\/81","targetHints":{"allow":["GET"]}}],"collection":[{"href":"http:\/\/raumsequenz.de\/category\/aktuell\/wp-json\/wp\/v2\/pages"}],"about":[{"href":"http:\/\/raumsequenz.de\/category\/aktuell\/wp-json\/wp\/v2\/types\/page"}],"author":[{"embeddable":true,"href":"http:\/\/raumsequenz.de\/category\/aktuell\/wp-json\/wp\/v2\/users\/1"}],"replies":[{"embeddable":true,"href":"http:\/\/raumsequenz.de\/category\/aktuell\/wp-json\/wp\/v2\/comments?post=81"}],"version-history":[{"count":1,"href":"http:\/\/raumsequenz.de\/category\/aktuell\/wp-json\/wp\/v2\/pages\/81\/revisions"}],"predecessor-version":[{"id":82,"href":"http:\/\/raumsequenz.de\/category\/aktuell\/wp-json\/wp\/v2\/pages\/81\/revisions\/82"}],"wp:attachment":[{"href":"http:\/\/raumsequenz.de\/category\/aktuell\/wp-json\/wp\/v2\/media?parent=81"}],"curies":[{"name":"wp","href":"https:\/\/api.w.org\/{rel}","templated":true}]}}