{"id":59,"date":"2018-10-07T12:26:52","date_gmt":"2018-10-07T12:26:52","guid":{"rendered":"http:\/\/raumsequenz.de\/?page_id=59"},"modified":"2024-09-11T12:58:27","modified_gmt":"2024-09-11T12:58:27","slug":"impressum","status":"publish","type":"page","link":"http:\/\/raumsequenz.de\/category\/aktuell\/impressum\/","title":{"rendered":"impressum"},"content":{"rendered":"\n<p class=\"has-very-dark-gray-color has-text-color\">stefan hofer <br>dipl.-ing. (fh) architekt stadtplaner (byak 176 368)<br>donaustra\u00dfe 38 <br>87700 memmingen<\/p>\n\n\n\n<p class=\"has-very-dark-gray-color has-text-color\">+49 8331 &#8211; 96 22 304 <br>info@raumsequenz.de <\/p>\n\n\n\n<p class=\"has-very-dark-gray-color has-text-color\"><br>design und gestaltung<br>martin eberth&nbsp;<a href=\"http:\/\/www.firebrain.de\/\">http:\/\/www.firebrain.de\/&nbsp;<\/a> <br><\/p>\n\n\n\n<p class=\"has-very-dark-gray-color has-text-color\">bilder<br>susanne marx <a href=\"http:\/\/www.marx-studios.de\">http:\/\/www.marx-studios.de<\/a><br><br>haftungshinweis<br>trotz sorgf\u00e4ltiger inhaltlicher kontrolle kann keine haftung f\u00fcr die inhalte externer texte \u00fcbernommen werden. <br>f\u00fcr den inhalt verlinkter seiten sind ausschlie\u00dflich deren betreiber verantwortlich. <br><\/p>\n\n\n\n<p><\/p>\n","protected":false},"excerpt":{"rendered":"<p>stefan hofer dipl.-ing. (fh) architekt stadtplaner (byak 176 368)donaustra\u00dfe 38 87700 memmingen +49 8331 &#8211; 96 22 304 info@raumsequenz.de design und gestaltungmartin eberth&nbsp;http:\/\/www.firebrain.de\/&nbsp; bildersusanne marx http:\/\/www.marx-studios.de haftungshinweistrotz sorgf\u00e4ltiger inhaltlicher kontrolle kann keine haftung f\u00fcr die inhalte externer texte \u00fcbernommen werden. f\u00fcr den inhalt verlinkter seiten sind ausschlie\u00dflich deren betreiber verantwortlich.<\/p>\n","protected":false},"author":1,"featured_media":0,"parent":0,"menu_order":0,"comment_status":"closed","ping_status":"closed","template":"","meta":{"footnotes":""},"class_list":["post-59","page","type-page","status-publish","hentry"],"yoast_head":"<!-- This site is optimized with the Yoast SEO plugin v27.4 - https:\/\/yoast.com\/product\/yoast-seo-wordpress\/ -->\n<title>impressum - raumsequenz.de<\/title>\n<meta name=\"description\" content=\"raumsequenz - b\u00fcro f\u00fcr architektur und stadtplanung memmingen - architekt \/ bauen im bestand \/ nutzungs\u00e4nderung \/ bauleitplanung \/ bebauungspl\u00e4ne \/ st\u00e4dtebauliche konzepte \/ b\u00fcrgerbeteiligung\" \/>\n<meta name=\"robots\" content=\"index, follow, max-snippet:-1, max-image-preview:large, max-video-preview:-1\" \/>\n<link rel=\"canonical\" href=\"http:\/\/raumsequenz.de\/category\/aktuell\/impressum\/\" \/>\n<meta property=\"og:locale\" content=\"de_DE\" \/>\n<meta property=\"og:type\" content=\"article\" \/>\n<meta property=\"og:title\" content=\"impressum - raumsequenz.de\" \/>\n<meta property=\"og:description\" content=\"raumsequenz - b\u00fcro f\u00fcr architektur und stadtplanung memmingen - architekt \/ bauen im bestand \/ nutzungs\u00e4nderung \/ bauleitplanung \/ bebauungspl\u00e4ne \/ st\u00e4dtebauliche konzepte \/ b\u00fcrgerbeteiligung\" \/>\n<meta property=\"og:url\" content=\"http:\/\/raumsequenz.de\/category\/aktuell\/impressum\/\" \/>\n<meta property=\"og:site_name\" content=\"raumsequenz.de\" \/>\n<meta property=\"article:modified_time\" content=\"2024-09-11T12:58:27+00:00\" \/>\n<meta name=\"twitter:card\" content=\"summary_large_image\" \/>\n<meta name=\"twitter:label1\" content=\"Gesch\u00e4tzte Lesezeit\" \/>\n\t<meta name=\"twitter:data1\" content=\"1\u00a0Minute\" \/>\n<script type=\"application\/ld+json\" class=\"yoast-schema-graph\">{\"@context\":\"https:\\\/\\\/schema.org\",\"@graph\":[{\"@type\":\"WebPage\",\"@id\":\"http:\\\/\\\/raumsequenz.de\\\/category\\\/aktuell\\\/impressum\\\/\",\"url\":\"http:\\\/\\\/raumsequenz.de\\\/category\\\/aktuell\\\/impressum\\\/\",\"name\":\"impressum - raumsequenz.de\",\"isPartOf\":{\"@id\":\"http:\\\/\\\/raumsequenz.de\\\/category\\\/aktuell\\\/#website\"},\"datePublished\":\"2018-10-07T12:26:52+00:00\",\"dateModified\":\"2024-09-11T12:58:27+00:00\",\"description\":\"raumsequenz - b\u00fcro f\u00fcr architektur und stadtplanung memmingen - architekt \\\/ bauen im bestand \\\/ nutzungs\u00e4nderung \\\/ bauleitplanung \\\/ bebauungspl\u00e4ne \\\/ st\u00e4dtebauliche konzepte \\\/ b\u00fcrgerbeteiligung\",\"breadcrumb\":{\"@id\":\"http:\\\/\\\/raumsequenz.de\\\/category\\\/aktuell\\\/impressum\\\/#breadcrumb\"},\"inLanguage\":\"de\",\"potentialAction\":[{\"@type\":\"ReadAction\",\"target\":[\"http:\\\/\\\/raumsequenz.de\\\/category\\\/aktuell\\\/impressum\\\/\"]}]},{\"@type\":\"BreadcrumbList\",\"@id\":\"http:\\\/\\\/raumsequenz.de\\\/category\\\/aktuell\\\/impressum\\\/#breadcrumb\",\"itemListElement\":[{\"@type\":\"ListItem\",\"position\":1,\"name\":\"Startseite\",\"item\":\"http:\\\/\\\/raumsequenz.de\\\/category\\\/aktuell\\\/\"},{\"@type\":\"ListItem\",\"position\":2,\"name\":\"impressum\"}]},{\"@type\":\"WebSite\",\"@id\":\"http:\\\/\\\/raumsequenz.de\\\/category\\\/aktuell\\\/#website\",\"url\":\"http:\\\/\\\/raumsequenz.de\\\/category\\\/aktuell\\\/\",\"name\":\"raumsequenz.de\",\"description\":\"\",\"publisher\":{\"@id\":\"http:\\\/\\\/raumsequenz.de\\\/category\\\/aktuell\\\/#organization\"},\"potentialAction\":[{\"@type\":\"SearchAction\",\"target\":{\"@type\":\"EntryPoint\",\"urlTemplate\":\"http:\\\/\\\/raumsequenz.de\\\/category\\\/aktuell\\\/?s={search_term_string}\"},\"query-input\":{\"@type\":\"PropertyValueSpecification\",\"valueRequired\":true,\"valueName\":\"search_term_string\"}}],\"inLanguage\":\"de\"},{\"@type\":\"Organization\",\"@id\":\"http:\\\/\\\/raumsequenz.de\\\/category\\\/aktuell\\\/#organization\",\"name\":\"raumsequenz\",\"url\":\"http:\\\/\\\/raumsequenz.de\\\/category\\\/aktuell\\\/\",\"logo\":{\"@type\":\"ImageObject\",\"inLanguage\":\"de\",\"@id\":\"http:\\\/\\\/raumsequenz.de\\\/category\\\/aktuell\\\/#\\\/schema\\\/logo\\\/image\\\/\",\"url\":\"http:\\\/\\\/raumsequenz.de\\\/wp-content\\\/uploads\\\/2019\\\/01\\\/logo_.jpg\",\"contentUrl\":\"http:\\\/\\\/raumsequenz.de\\\/wp-content\\\/uploads\\\/2019\\\/01\\\/logo_.jpg\",\"width\":300,\"height\":65,\"caption\":\"raumsequenz\"},\"image\":{\"@id\":\"http:\\\/\\\/raumsequenz.de\\\/category\\\/aktuell\\\/#\\\/schema\\\/logo\\\/image\\\/\"}}]}<\/script>\n<!-- \/ Yoast SEO plugin. -->","yoast_head_json":{"title":"impressum - raumsequenz.de","description":"raumsequenz - b\u00fcro f\u00fcr architektur und stadtplanung memmingen - architekt \/ bauen im bestand \/ nutzungs\u00e4nderung \/ bauleitplanung \/ bebauungspl\u00e4ne \/ st\u00e4dtebauliche konzepte \/ b\u00fcrgerbeteiligung","robots":{"index":"index","follow":"follow","max-snippet":"max-snippet:-1","max-image-preview":"max-image-preview:large","max-video-preview":"max-video-preview:-1"},"canonical":"http:\/\/raumsequenz.de\/category\/aktuell\/impressum\/","og_locale":"de_DE","og_type":"article","og_title":"impressum - raumsequenz.de","og_description":"raumsequenz - b\u00fcro f\u00fcr architektur und stadtplanung memmingen - architekt \/ bauen im bestand \/ nutzungs\u00e4nderung \/ bauleitplanung \/ bebauungspl\u00e4ne \/ st\u00e4dtebauliche konzepte \/ b\u00fcrgerbeteiligung","og_url":"http:\/\/raumsequenz.de\/category\/aktuell\/impressum\/","og_site_name":"raumsequenz.de","article_modified_time":"2024-09-11T12:58:27+00:00","twitter_card":"summary_large_image","twitter_misc":{"Gesch\u00e4tzte Lesezeit":"1\u00a0Minute"},"schema":{"@context":"https:\/\/schema.org","@graph":[{"@type":"WebPage","@id":"http:\/\/raumsequenz.de\/category\/aktuell\/impressum\/","url":"http:\/\/raumsequenz.de\/category\/aktuell\/impressum\/","name":"impressum - raumsequenz.de","isPartOf":{"@id":"http:\/\/raumsequenz.de\/category\/aktuell\/#website"},"datePublished":"2018-10-07T12:26:52+00:00","dateModified":"2024-09-11T12:58:27+00:00","description":"raumsequenz - b\u00fcro f\u00fcr architektur und stadtplanung memmingen - architekt \/ bauen im bestand \/ nutzungs\u00e4nderung \/ bauleitplanung \/ bebauungspl\u00e4ne \/ st\u00e4dtebauliche konzepte \/ b\u00fcrgerbeteiligung","breadcrumb":{"@id":"http:\/\/raumsequenz.de\/category\/aktuell\/impressum\/#breadcrumb"},"inLanguage":"de","potentialAction":[{"@type":"ReadAction","target":["http:\/\/raumsequenz.de\/category\/aktuell\/impressum\/"]}]},{"@type":"BreadcrumbList","@id":"http:\/\/raumsequenz.de\/category\/aktuell\/impressum\/#breadcrumb","itemListElement":[{"@type":"ListItem","position":1,"name":"Startseite","item":"http:\/\/raumsequenz.de\/category\/aktuell\/"},{"@type":"ListItem","position":2,"name":"impressum"}]},{"@type":"WebSite","@id":"http:\/\/raumsequenz.de\/category\/aktuell\/#website","url":"http:\/\/raumsequenz.de\/category\/aktuell\/","name":"raumsequenz.de","description":"","publisher":{"@id":"http:\/\/raumsequenz.de\/category\/aktuell\/#organization"},"potentialAction":[{"@type":"SearchAction","target":{"@type":"EntryPoint","urlTemplate":"http:\/\/raumsequenz.de\/category\/aktuell\/?s={search_term_string}"},"query-input":{"@type":"PropertyValueSpecification","valueRequired":true,"valueName":"search_term_string"}}],"inLanguage":"de"},{"@type":"Organization","@id":"http:\/\/raumsequenz.de\/category\/aktuell\/#organization","name":"raumsequenz","url":"http:\/\/raumsequenz.de\/category\/aktuell\/","logo":{"@type":"ImageObject","inLanguage":"de","@id":"http:\/\/raumsequenz.de\/category\/aktuell\/#\/schema\/logo\/image\/","url":"http:\/\/raumsequenz.de\/wp-content\/uploads\/2019\/01\/logo_.jpg","contentUrl":"http:\/\/raumsequenz.de\/wp-content\/uploads\/2019\/01\/logo_.jpg","width":300,"height":65,"caption":"raumsequenz"},"image":{"@id":"http:\/\/raumsequenz.de\/category\/aktuell\/#\/schema\/logo\/image\/"}}]}},"_links":{"self":[{"href":"http:\/\/raumsequenz.de\/category\/aktuell\/wp-json\/wp\/v2\/pages\/59","targetHints":{"allow":["GET"]}}],"collection":[{"href":"http:\/\/raumsequenz.de\/category\/aktuell\/wp-json\/wp\/v2\/pages"}],"about":[{"href":"http:\/\/raumsequenz.de\/category\/aktuell\/wp-json\/wp\/v2\/types\/page"}],"author":[{"embeddable":true,"href":"http:\/\/raumsequenz.de\/category\/aktuell\/wp-json\/wp\/v2\/users\/1"}],"replies":[{"embeddable":true,"href":"http:\/\/raumsequenz.de\/category\/aktuell\/wp-json\/wp\/v2\/comments?post=59"}],"version-history":[{"count":12,"href":"http:\/\/raumsequenz.de\/category\/aktuell\/wp-json\/wp\/v2\/pages\/59\/revisions"}],"predecessor-version":[{"id":2127,"href":"http:\/\/raumsequenz.de\/category\/aktuell\/wp-json\/wp\/v2\/pages\/59\/revisions\/2127"}],"wp:attachment":[{"href":"http:\/\/raumsequenz.de\/category\/aktuell\/wp-json\/wp\/v2\/media?parent=59"}],"curies":[{"name":"wp","href":"https:\/\/api.w.org\/{rel}","templated":true}]}}