{"id":483,"date":"2019-11-05T08:07:39","date_gmt":"2019-11-05T08:07:39","guid":{"rendered":"http:\/\/raumsequenz.de\/?page_id=483"},"modified":"2026-01-19T08:25:47","modified_gmt":"2026-01-19T08:25:47","slug":"das-buero","status":"publish","type":"page","link":"http:\/\/raumsequenz.de\/category\/aktuell\/das-buero\/","title":{"rendered":""},"content":{"rendered":"\n<p><\/p>\n\n\n\n<h3 class=\"wp-block-heading\" id=\"partizip\">partizip<\/h3>\n\n\n\n<p><em>ziel des planungsprozesses ist die schaffung von raum: <strong>stadtraum \u2013 wohnraum \u2013 lebensraum<\/strong> <\/em><br><br>in jeder ma\u00dfstabsebene gilt es, die besonderen bed\u00fcrfnisse und <strong>anforderungen des menschen<\/strong> zu beachten.<br>letztlich werden sowohl stadtr\u00e4ume als auch die bauten ausschlie\u00dflich durch den nutzer bedeutsam und spezifisch. <br>ziel des planungsprozesses muss somit die <strong>nutz- und erlebbarmachung des raumes<\/strong> sein.<\/p>\n\n\n\n<p><\/p>\n\n\n\n<p>raum<strong>sequenz<\/strong> verbindet die kompetenz des st\u00e4dtebaulichen entwerfens mit der geb\u00e4udeplanung.<\/p>\n\n\n\n<p><br><\/p>\n\n\n\n<p><\/p>\n\n\n\n<h3 class=\"wp-block-heading\" id=\"inhaber\">team<\/h3>\n\n\n\n<div class=\"wp-block-columns is-layout-flex wp-container-core-columns-is-layout-9d6595d7 wp-block-columns-is-layout-flex\">\n<div class=\"wp-block-column is-layout-flow wp-block-column-is-layout-flow\">\n<div class=\"wp-block-columns is-layout-flex wp-container-core-columns-is-layout-9d6595d7 wp-block-columns-is-layout-flex\">\n<div class=\"wp-block-column is-layout-flow wp-block-column-is-layout-flow\">\n<figure class=\"wp-block-image size-full is-resized\"><img loading=\"lazy\" decoding=\"async\" width=\"480\" height=\"480\" src=\"http:\/\/raumsequenz.de\/wp-content\/uploads\/2022\/09\/F55AA381-DF7C-4B5F-9652-29E0AD1A5E18_1_201_a-7.jpeg\" alt=\"\" class=\"wp-image-1510\" style=\"width:256px;height:256px\" srcset=\"http:\/\/raumsequenz.de\/wp-content\/uploads\/2022\/09\/F55AA381-DF7C-4B5F-9652-29E0AD1A5E18_1_201_a-7.jpeg 480w, http:\/\/raumsequenz.de\/wp-content\/uploads\/2022\/09\/F55AA381-DF7C-4B5F-9652-29E0AD1A5E18_1_201_a-7-300x300.jpeg 300w, http:\/\/raumsequenz.de\/wp-content\/uploads\/2022\/09\/F55AA381-DF7C-4B5F-9652-29E0AD1A5E18_1_201_a-7-150x150.jpeg 150w\" sizes=\"auto, (max-width: 480px) 100vw, 480px\" \/><\/figure>\n\n\n\n<p><em>\u201eetwas unpraktisches kann nicht sch\u00f6n sein\u201c<\/em> (otto wagner)<br>lan anh hoang <br>bauzeichnerin<br><a href=\"mailto:la@raumsequenz.de\">la@raumsequenz.de<\/a><\/p>\n<\/div>\n\n\n\n<div class=\"wp-block-column is-layout-flow wp-block-column-is-layout-flow\">\n<figure class=\"wp-block-image size-full is-resized\"><img loading=\"lazy\" decoding=\"async\" width=\"480\" height=\"480\" src=\"http:\/\/raumsequenz.de\/wp-content\/uploads\/2022\/10\/C63A6988-BA83-4A4C-9A8A-03429AF4CC2E_1_201_a.jpeg\" alt=\"\" class=\"wp-image-1537\" style=\"width:256px;height:256px\" srcset=\"http:\/\/raumsequenz.de\/wp-content\/uploads\/2022\/10\/C63A6988-BA83-4A4C-9A8A-03429AF4CC2E_1_201_a.jpeg 480w, http:\/\/raumsequenz.de\/wp-content\/uploads\/2022\/10\/C63A6988-BA83-4A4C-9A8A-03429AF4CC2E_1_201_a-300x300.jpeg 300w, http:\/\/raumsequenz.de\/wp-content\/uploads\/2022\/10\/C63A6988-BA83-4A4C-9A8A-03429AF4CC2E_1_201_a-150x150.jpeg 150w\" sizes=\"auto, (max-width: 480px) 100vw, 480px\" \/><\/figure>\n\n\n\n<p><em>\u201earchitecture is like writing . you have to edit it over and over so it looks effortless\u201c<\/em> (zaha hadid)<br>senta bendel <br>b.sc. architektur<br><a href=\"mailto:sb@raumsequenz.de\">sb@raumsequenz.de<\/a><\/p>\n\n\n\n<p><br><\/p>\n<\/div>\n<\/div>\n<\/div>\n<\/div>\n\n\n\n<div class=\"wp-block-columns is-layout-flex wp-container-core-columns-is-layout-9d6595d7 wp-block-columns-is-layout-flex\">\n<div class=\"wp-block-column is-layout-flow wp-block-column-is-layout-flow\">\n<figure class=\"wp-block-image size-full is-resized\"><img loading=\"lazy\" decoding=\"async\" width=\"480\" height=\"480\" src=\"http:\/\/raumsequenz.de\/wp-content\/uploads\/2022\/09\/BBCBDAD5-ACE5-48B8-9A7F-AB9B1767884B_1_201_a-1.jpeg\" alt=\"\" class=\"wp-image-1512\" style=\"width:256px;height:256px\" srcset=\"http:\/\/raumsequenz.de\/wp-content\/uploads\/2022\/09\/BBCBDAD5-ACE5-48B8-9A7F-AB9B1767884B_1_201_a-1.jpeg 480w, http:\/\/raumsequenz.de\/wp-content\/uploads\/2022\/09\/BBCBDAD5-ACE5-48B8-9A7F-AB9B1767884B_1_201_a-1-300x300.jpeg 300w, http:\/\/raumsequenz.de\/wp-content\/uploads\/2022\/09\/BBCBDAD5-ACE5-48B8-9A7F-AB9B1767884B_1_201_a-1-150x150.jpeg 150w\" sizes=\"auto, (max-width: 480px) 100vw, 480px\" \/><\/figure>\n\n\n\n<p><em><em>\u201ea<\/em>lles formt alles\u201c <\/em>(ernst hofer)<br>stefan hofer<br>architekt &amp; stadtplaner <br><a href=\"mailto:sh@raumsequenz.de\">sh@raumsequenz.de<\/a><\/p>\n<\/div>\n\n\n\n<div class=\"wp-block-column is-layout-flow wp-block-column-is-layout-flow\">\n<figure class=\"wp-block-image size-large is-resized\"><img loading=\"lazy\" decoding=\"async\" width=\"956\" height=\"1024\" src=\"http:\/\/raumsequenz.de\/wp-content\/uploads\/2023\/08\/IMG_7978-956x1024.jpeg\" alt=\"\" class=\"wp-image-1695\" style=\"width:256px;height:256px\" srcset=\"http:\/\/raumsequenz.de\/wp-content\/uploads\/2023\/08\/IMG_7978-956x1024.jpeg 956w, http:\/\/raumsequenz.de\/wp-content\/uploads\/2023\/08\/IMG_7978-280x300.jpeg 280w, http:\/\/raumsequenz.de\/wp-content\/uploads\/2023\/08\/IMG_7978-768x823.jpeg 768w, http:\/\/raumsequenz.de\/wp-content\/uploads\/2023\/08\/IMG_7978-1434x1536.jpeg 1434w, http:\/\/raumsequenz.de\/wp-content\/uploads\/2023\/08\/IMG_7978-1912x2048.jpeg 1912w, http:\/\/raumsequenz.de\/wp-content\/uploads\/2023\/08\/IMG_7978-600x643.jpeg 600w, http:\/\/raumsequenz.de\/wp-content\/uploads\/2023\/08\/IMG_7978.jpeg 2017w\" sizes=\"auto, (max-width: 956px) 100vw, 956px\" \/><\/figure>\n\n\n\n<p><em><em>\u201e<\/em>the home should be a treasure chest of living.\u201c<\/em> (le corbusier)<br>stephanie kauer<br>ausbildung zur bauzeichnerin<br><a href=\"mailto:sk@raumsequenz.de\">sk@raumsequenz.de<\/a><br><\/p>\n<\/div>\n<\/div>\n\n\n\n<div class=\"wp-block-columns is-layout-flex wp-container-core-columns-is-layout-9d6595d7 wp-block-columns-is-layout-flex\">\n<div class=\"wp-block-column is-layout-flow wp-block-column-is-layout-flow\">\n<figure class=\"wp-block-image size-full is-resized\"><img loading=\"lazy\" decoding=\"async\" width=\"960\" height=\"960\" src=\"http:\/\/raumsequenz.de\/wp-content\/uploads\/2023\/08\/IMG_8472.jpeg\" alt=\"\" class=\"wp-image-1699\" style=\"width:256px;height:256px\" srcset=\"http:\/\/raumsequenz.de\/wp-content\/uploads\/2023\/08\/IMG_8472.jpeg 960w, http:\/\/raumsequenz.de\/wp-content\/uploads\/2023\/08\/IMG_8472-300x300.jpeg 300w, http:\/\/raumsequenz.de\/wp-content\/uploads\/2023\/08\/IMG_8472-150x150.jpeg 150w, http:\/\/raumsequenz.de\/wp-content\/uploads\/2023\/08\/IMG_8472-768x768.jpeg 768w, http:\/\/raumsequenz.de\/wp-content\/uploads\/2023\/08\/IMG_8472-600x600.jpeg 600w\" sizes=\"auto, (max-width: 960px) 100vw, 960px\" \/><\/figure>\n\n\n\n<p><em>\u201ewer \u00fcber seine eigenen fehler lachen kann, lacht weniger \u00fcber andere.\u201c<\/em> (ekkehart mittelberg)<br>max fuchs<br>it-administrator<\/p>\n\n\n\n<p><\/p>\n<\/div>\n\n\n\n<div class=\"wp-block-column is-layout-flow wp-block-column-is-layout-flow\">\n<p><\/p>\n<\/div>\n<\/div>\n\n\n\n<div class=\"wp-block-columns is-layout-flex wp-container-core-columns-is-layout-9d6595d7 wp-block-columns-is-layout-flex\">\n<div class=\"wp-block-column is-layout-flow wp-block-column-is-layout-flow\" style=\"flex-basis:100%\"><\/div>\n<\/div>\n\n\n\n<h3 class=\"wp-block-heading\" id=\"leistungen\">leistungen<\/h3>\n\n\n\n<p>architektur (lph 1-9)<\/p>\n\n\n\n<p>bauberatung \/ machbarkeitsstudien<\/p>\n\n\n\n<p>st\u00e4dtebauliche konzepte \/ wettbewerbe<\/p>\n\n\n\n<p>bauleitplanung (lph 1-3)<\/p>\n\n\n\n<p>moderation \/ b\u00fcrgerbeteiligung<\/p>\n\n\n\n<p>kommunale beratung<\/p>\n\n\n\n<h3 class=\"wp-block-heading\" id=\"kooperation\">kooperation<\/h3>\n\n\n\n<p>um ein schnelles und l\u00f6sungsorientiertes agieren zu erm\u00f6glichen, kooperieren wir mit architekten, stadtplanern und weiteren fachingenieuren aus unterschiedlichen bereichen:<br><\/p>\n\n\n\n<p><\/p>\n\n\n\n<p><br><strong>architektur:v\u00f6lker <\/strong>\/ lukas v\u00f6lker <br><a href=\"https:\/\/www.architekturvoelker.de\/impr\">https:\/\/www.architekturvoelker.de<\/a><a href=\"https:\/\/www.architekturvoelker.de\/impr\" target=\"_blank\" rel=\"noreferrer noopener\">\/<\/a><\/p>\n\n\n\n<p><\/p>\n\n\n\n<p><br><strong>dolp projektmanagement <\/strong>\/ gerhard dolp<br><a href=\"https:\/\/www.dolp-projektmanagement.de\/\">https:\/\/www.dolp-projektmanagement.de\/<\/a><\/p>\n\n\n\n<p><br><\/p>\n\n\n\n<p><strong><br><\/strong><br><\/p>\n\n\n\n<p><br><\/p>\n\n\n\n<p><\/p>\n","protected":false},"excerpt":{"rendered":"<p>partizip ziel des planungsprozesses ist die schaffung von raum: stadtraum \u2013 wohnraum \u2013 lebensraum in jeder ma\u00dfstabsebene gilt es, die besonderen bed\u00fcrfnisse und anforderungen des menschen zu beachten.letztlich werden sowohl stadtr\u00e4ume als auch die bauten ausschlie\u00dflich durch den nutzer bedeutsam und spezifisch. ziel des planungsprozesses muss somit die nutz- und erlebbarmachung des raumes sein. raumsequenz [&hellip;]<\/p>\n","protected":false},"author":1,"featured_media":0,"parent":0,"menu_order":0,"comment_status":"closed","ping_status":"closed","template":"","meta":{"footnotes":""},"class_list":["post-483","page","type-page","status-publish","hentry"],"yoast_head":"<!-- This site is optimized with the Yoast SEO plugin v27.4 - https:\/\/yoast.com\/product\/yoast-seo-wordpress\/ -->\n<title>- raumsequenz.de<\/title>\n<meta name=\"description\" content=\"raumsequenz - b\u00fcro f\u00fcr architektur und stadtplanung memmingen - architekt \/ bauen im bestand \/ nutzungs\u00e4nderung \/ bauleitplanung \/ bebauungspl\u00e4ne \/ st\u00e4dtebauliche konzepte \/ b\u00fcrgerbeteiligung\" \/>\n<meta name=\"robots\" content=\"index, follow, max-snippet:-1, max-image-preview:large, max-video-preview:-1\" \/>\n<link rel=\"canonical\" href=\"http:\/\/raumsequenz.de\/category\/aktuell\/das-buero\/\" \/>\n<meta property=\"og:locale\" content=\"de_DE\" \/>\n<meta property=\"og:type\" content=\"article\" \/>\n<meta property=\"og:title\" content=\"- raumsequenz.de\" \/>\n<meta property=\"og:description\" content=\"raumsequenz - b\u00fcro f\u00fcr architektur und stadtplanung memmingen - architekt \/ bauen im bestand \/ nutzungs\u00e4nderung \/ bauleitplanung \/ bebauungspl\u00e4ne \/ st\u00e4dtebauliche konzepte \/ b\u00fcrgerbeteiligung\" \/>\n<meta property=\"og:url\" content=\"http:\/\/raumsequenz.de\/category\/aktuell\/das-buero\/\" \/>\n<meta property=\"og:site_name\" content=\"raumsequenz.de\" \/>\n<meta property=\"article:modified_time\" content=\"2026-01-19T08:25:47+00:00\" \/>\n<meta property=\"og:image\" content=\"http:\/\/raumsequenz.de\/wp-content\/uploads\/2022\/09\/F55AA381-DF7C-4B5F-9652-29E0AD1A5E18_1_201_a-7.jpeg\" \/>\n\t<meta property=\"og:image:width\" content=\"480\" \/>\n\t<meta property=\"og:image:height\" content=\"480\" \/>\n\t<meta property=\"og:image:type\" content=\"image\/jpeg\" \/>\n<meta name=\"twitter:card\" content=\"summary_large_image\" \/>\n<meta name=\"twitter:label1\" content=\"Gesch\u00e4tzte Lesezeit\" \/>\n\t<meta name=\"twitter:data1\" content=\"3\u00a0Minuten\" \/>\n<script type=\"application\/ld+json\" class=\"yoast-schema-graph\">{\"@context\":\"https:\\\/\\\/schema.org\",\"@graph\":[{\"@type\":\"WebPage\",\"@id\":\"http:\\\/\\\/raumsequenz.de\\\/category\\\/aktuell\\\/das-buero\\\/\",\"url\":\"http:\\\/\\\/raumsequenz.de\\\/category\\\/aktuell\\\/das-buero\\\/\",\"name\":\"- raumsequenz.de\",\"isPartOf\":{\"@id\":\"http:\\\/\\\/raumsequenz.de\\\/category\\\/aktuell\\\/#website\"},\"primaryImageOfPage\":{\"@id\":\"http:\\\/\\\/raumsequenz.de\\\/category\\\/aktuell\\\/das-buero\\\/#primaryimage\"},\"image\":{\"@id\":\"http:\\\/\\\/raumsequenz.de\\\/category\\\/aktuell\\\/das-buero\\\/#primaryimage\"},\"thumbnailUrl\":\"http:\\\/\\\/raumsequenz.de\\\/wp-content\\\/uploads\\\/2022\\\/09\\\/F55AA381-DF7C-4B5F-9652-29E0AD1A5E18_1_201_a-7.jpeg\",\"datePublished\":\"2019-11-05T08:07:39+00:00\",\"dateModified\":\"2026-01-19T08:25:47+00:00\",\"description\":\"raumsequenz - b\u00fcro f\u00fcr architektur und stadtplanung memmingen - architekt \\\/ bauen im bestand \\\/ nutzungs\u00e4nderung \\\/ bauleitplanung \\\/ bebauungspl\u00e4ne \\\/ st\u00e4dtebauliche konzepte \\\/ b\u00fcrgerbeteiligung\",\"inLanguage\":\"de\",\"potentialAction\":[{\"@type\":\"ReadAction\",\"target\":[\"http:\\\/\\\/raumsequenz.de\\\/category\\\/aktuell\\\/das-buero\\\/\"]}]},{\"@type\":\"ImageObject\",\"inLanguage\":\"de\",\"@id\":\"http:\\\/\\\/raumsequenz.de\\\/category\\\/aktuell\\\/das-buero\\\/#primaryimage\",\"url\":\"http:\\\/\\\/raumsequenz.de\\\/wp-content\\\/uploads\\\/2022\\\/09\\\/F55AA381-DF7C-4B5F-9652-29E0AD1A5E18_1_201_a-7.jpeg\",\"contentUrl\":\"http:\\\/\\\/raumsequenz.de\\\/wp-content\\\/uploads\\\/2022\\\/09\\\/F55AA381-DF7C-4B5F-9652-29E0AD1A5E18_1_201_a-7.jpeg\"},{\"@type\":\"WebSite\",\"@id\":\"http:\\\/\\\/raumsequenz.de\\\/category\\\/aktuell\\\/#website\",\"url\":\"http:\\\/\\\/raumsequenz.de\\\/category\\\/aktuell\\\/\",\"name\":\"raumsequenz.de\",\"description\":\"\",\"publisher\":{\"@id\":\"http:\\\/\\\/raumsequenz.de\\\/category\\\/aktuell\\\/#organization\"},\"potentialAction\":[{\"@type\":\"SearchAction\",\"target\":{\"@type\":\"EntryPoint\",\"urlTemplate\":\"http:\\\/\\\/raumsequenz.de\\\/category\\\/aktuell\\\/?s={search_term_string}\"},\"query-input\":{\"@type\":\"PropertyValueSpecification\",\"valueRequired\":true,\"valueName\":\"search_term_string\"}}],\"inLanguage\":\"de\"},{\"@type\":\"Organization\",\"@id\":\"http:\\\/\\\/raumsequenz.de\\\/category\\\/aktuell\\\/#organization\",\"name\":\"raumsequenz\",\"url\":\"http:\\\/\\\/raumsequenz.de\\\/category\\\/aktuell\\\/\",\"logo\":{\"@type\":\"ImageObject\",\"inLanguage\":\"de\",\"@id\":\"http:\\\/\\\/raumsequenz.de\\\/category\\\/aktuell\\\/#\\\/schema\\\/logo\\\/image\\\/\",\"url\":\"http:\\\/\\\/raumsequenz.de\\\/wp-content\\\/uploads\\\/2019\\\/01\\\/logo_.jpg\",\"contentUrl\":\"http:\\\/\\\/raumsequenz.de\\\/wp-content\\\/uploads\\\/2019\\\/01\\\/logo_.jpg\",\"width\":300,\"height\":65,\"caption\":\"raumsequenz\"},\"image\":{\"@id\":\"http:\\\/\\\/raumsequenz.de\\\/category\\\/aktuell\\\/#\\\/schema\\\/logo\\\/image\\\/\"}}]}<\/script>\n<!-- \/ Yoast SEO plugin. -->","yoast_head_json":{"title":"- raumsequenz.de","description":"raumsequenz - b\u00fcro f\u00fcr architektur und stadtplanung memmingen - architekt \/ bauen im bestand \/ nutzungs\u00e4nderung \/ bauleitplanung \/ bebauungspl\u00e4ne \/ st\u00e4dtebauliche konzepte \/ b\u00fcrgerbeteiligung","robots":{"index":"index","follow":"follow","max-snippet":"max-snippet:-1","max-image-preview":"max-image-preview:large","max-video-preview":"max-video-preview:-1"},"canonical":"http:\/\/raumsequenz.de\/category\/aktuell\/das-buero\/","og_locale":"de_DE","og_type":"article","og_title":"- raumsequenz.de","og_description":"raumsequenz - b\u00fcro f\u00fcr architektur und stadtplanung memmingen - architekt \/ bauen im bestand \/ nutzungs\u00e4nderung \/ bauleitplanung \/ bebauungspl\u00e4ne \/ st\u00e4dtebauliche konzepte \/ b\u00fcrgerbeteiligung","og_url":"http:\/\/raumsequenz.de\/category\/aktuell\/das-buero\/","og_site_name":"raumsequenz.de","article_modified_time":"2026-01-19T08:25:47+00:00","og_image":[{"width":480,"height":480,"url":"http:\/\/raumsequenz.de\/wp-content\/uploads\/2022\/09\/F55AA381-DF7C-4B5F-9652-29E0AD1A5E18_1_201_a-7.jpeg","type":"image\/jpeg"}],"twitter_card":"summary_large_image","twitter_misc":{"Gesch\u00e4tzte Lesezeit":"3\u00a0Minuten"},"schema":{"@context":"https:\/\/schema.org","@graph":[{"@type":"WebPage","@id":"http:\/\/raumsequenz.de\/category\/aktuell\/das-buero\/","url":"http:\/\/raumsequenz.de\/category\/aktuell\/das-buero\/","name":"- raumsequenz.de","isPartOf":{"@id":"http:\/\/raumsequenz.de\/category\/aktuell\/#website"},"primaryImageOfPage":{"@id":"http:\/\/raumsequenz.de\/category\/aktuell\/das-buero\/#primaryimage"},"image":{"@id":"http:\/\/raumsequenz.de\/category\/aktuell\/das-buero\/#primaryimage"},"thumbnailUrl":"http:\/\/raumsequenz.de\/wp-content\/uploads\/2022\/09\/F55AA381-DF7C-4B5F-9652-29E0AD1A5E18_1_201_a-7.jpeg","datePublished":"2019-11-05T08:07:39+00:00","dateModified":"2026-01-19T08:25:47+00:00","description":"raumsequenz - b\u00fcro f\u00fcr architektur und stadtplanung memmingen - architekt \/ bauen im bestand \/ nutzungs\u00e4nderung \/ bauleitplanung \/ bebauungspl\u00e4ne \/ st\u00e4dtebauliche konzepte \/ b\u00fcrgerbeteiligung","inLanguage":"de","potentialAction":[{"@type":"ReadAction","target":["http:\/\/raumsequenz.de\/category\/aktuell\/das-buero\/"]}]},{"@type":"ImageObject","inLanguage":"de","@id":"http:\/\/raumsequenz.de\/category\/aktuell\/das-buero\/#primaryimage","url":"http:\/\/raumsequenz.de\/wp-content\/uploads\/2022\/09\/F55AA381-DF7C-4B5F-9652-29E0AD1A5E18_1_201_a-7.jpeg","contentUrl":"http:\/\/raumsequenz.de\/wp-content\/uploads\/2022\/09\/F55AA381-DF7C-4B5F-9652-29E0AD1A5E18_1_201_a-7.jpeg"},{"@type":"WebSite","@id":"http:\/\/raumsequenz.de\/category\/aktuell\/#website","url":"http:\/\/raumsequenz.de\/category\/aktuell\/","name":"raumsequenz.de","description":"","publisher":{"@id":"http:\/\/raumsequenz.de\/category\/aktuell\/#organization"},"potentialAction":[{"@type":"SearchAction","target":{"@type":"EntryPoint","urlTemplate":"http:\/\/raumsequenz.de\/category\/aktuell\/?s={search_term_string}"},"query-input":{"@type":"PropertyValueSpecification","valueRequired":true,"valueName":"search_term_string"}}],"inLanguage":"de"},{"@type":"Organization","@id":"http:\/\/raumsequenz.de\/category\/aktuell\/#organization","name":"raumsequenz","url":"http:\/\/raumsequenz.de\/category\/aktuell\/","logo":{"@type":"ImageObject","inLanguage":"de","@id":"http:\/\/raumsequenz.de\/category\/aktuell\/#\/schema\/logo\/image\/","url":"http:\/\/raumsequenz.de\/wp-content\/uploads\/2019\/01\/logo_.jpg","contentUrl":"http:\/\/raumsequenz.de\/wp-content\/uploads\/2019\/01\/logo_.jpg","width":300,"height":65,"caption":"raumsequenz"},"image":{"@id":"http:\/\/raumsequenz.de\/category\/aktuell\/#\/schema\/logo\/image\/"}}]}},"_links":{"self":[{"href":"http:\/\/raumsequenz.de\/category\/aktuell\/wp-json\/wp\/v2\/pages\/483","targetHints":{"allow":["GET"]}}],"collection":[{"href":"http:\/\/raumsequenz.de\/category\/aktuell\/wp-json\/wp\/v2\/pages"}],"about":[{"href":"http:\/\/raumsequenz.de\/category\/aktuell\/wp-json\/wp\/v2\/types\/page"}],"author":[{"embeddable":true,"href":"http:\/\/raumsequenz.de\/category\/aktuell\/wp-json\/wp\/v2\/users\/1"}],"replies":[{"embeddable":true,"href":"http:\/\/raumsequenz.de\/category\/aktuell\/wp-json\/wp\/v2\/comments?post=483"}],"version-history":[{"count":63,"href":"http:\/\/raumsequenz.de\/category\/aktuell\/wp-json\/wp\/v2\/pages\/483\/revisions"}],"predecessor-version":[{"id":2447,"href":"http:\/\/raumsequenz.de\/category\/aktuell\/wp-json\/wp\/v2\/pages\/483\/revisions\/2447"}],"wp:attachment":[{"href":"http:\/\/raumsequenz.de\/category\/aktuell\/wp-json\/wp\/v2\/media?parent=483"}],"curies":[{"name":"wp","href":"https:\/\/api.w.org\/{rel}","templated":true}]}}